{"id":10,"date":"2020-06-09T00:50:02","date_gmt":"2020-06-09T00:50:02","guid":{"rendered":"https:\/\/coopintegra.com.do\/sitio\/?page_id=10"},"modified":"2023-07-12T18:19:02","modified_gmt":"2023-07-12T18:19:02","slug":"contacto","status":"publish","type":"page","link":"https:\/\/coopintegra.com.do\/sitio\/contacto\/","title":{"rendered":"Cont\u00e1ctenos"},"content":{"rendered":"\n<div class=\"wp-block-columns alignwide is-layout-flex wp-container-core-columns-layout-1 wp-block-columns-is-layout-flex\">\n<div class=\"wp-block-column is-layout-flow wp-block-column-is-layout-flow\">\n<h4 class=\"has-text-align-center has-custom-font wp-block-heading\" style=\"font-family:Helvetica\"><span class=\"has-inline-color has-primary-color\">\u00bfC\u00f3mo podemos ayudarte?<\/span><\/h4>\n\n\n\n<p class=\"has-text-align-center\"><p class=\"has-text-align-center has-custom-font has-custom-lineheight\" style=\"font-family:Helvetica;line-height:1\"><span class=\"has-inline-color has-primary-color\">\u00a1Ll\u00e1manos o Escr\u00edbenos! <\/span><\/p><\/p>\n\n\n\n<p class=\"has-text-align-center\"><p class=\"has-text-align-center has-custom-font has-custom-lineheight\" style=\"font-family:Helvetica;line-height:1\">Nos esforzamos por estar en comunicaci\u00f3n constante con nuestros socios.<\/p><\/p>\n\n\n\n<h4 class=\"has-text-align-center has-custom-font wp-block-heading\" style=\"font-family:Helvetica\"><span class=\"has-inline-color has-primary-color\">COOPINTEGRA<\/span><\/h4>\n\n\n\n<p class=\"has-text-align-center\"><p class=\"has-text-align-center has-custom-font\" style=\"font-family:Montserrat\"><strong>(809) 540-5063<\/strong><\/p><\/p>\n\n\n\n<div class=\"wp-block-group is-layout-flow wp-block-group-is-layout-flow\"><div class=\"wp-block-group__inner-container\">\n<p class=\"has-text-align-center\"><p class=\"has-text-align-center has-custom-font has-custom-lineheight\" style=\"font-family:Montserrat;line-height:1\">info@coopintegra.com.do <\/p><\/p>\n\n\n\n<p class=\"has-text-align-center\"><p class=\"has-text-align-center has-custom-font has-custom-lineheight\" style=\"font-family:Montserrat;line-height:1\">Calle Cul de Sac 1 #10, Urb. Fernandez<\/p><\/p>\n\n\n\n<p class=\"has-text-align-center\"><p class=\"has-text-align-center has-custom-font has-custom-lineheight\" style=\"font-family:Montserrat;line-height:1\">Santo Domingo, Rep\u00fablica Dominicana. <\/p><\/p>\n<\/div><\/div>\n\n\n\n<h4 class=\"has-text-align-center has-custom-font wp-block-heading\" style=\"font-family:Helvetica\"><span class=\"has-inline-color has-primary-color\">Horario<\/span><\/h4>\n\n\n\n<p class=\"has-text-align-center\"><p class=\"has-text-align-center has-custom-font has-custom-lineheight\" style=\"font-family:Montserrat;line-height:1\">Lunes a viernes: 8:00 a. m. &#8211; 5:00 p. m.<\/p><\/p>\n<\/div>\n\n\n\n<div class=\"wp-block-column is-layout-flow wp-block-column-is-layout-flow\">\n\n\n\n\n<\/div>\n<\/div>\n\n\n\n<p><\/p>\n\n\n\n<div style=\"min-height:456px\" data-map-attr=\"\/qaddress\/q:\/qscottsdale arizona\/q||\/qlat\/q:\/qundefined\/q||\/qlng\/q:\/qundefined\/q||\/qskin\/q:\/qstandard\/q||\/qzoom\/q:\/q12\/q||\/qiconSize\/q:\/q36\/q||\/qmapTypeControl\/q:\/qtrue\/q||\/qzoomControl\/q:\/qtrue\/q||\/qstreetViewControl\/q:\/qtrue\/q||\/qfullscreenControl\/q:\/qtrue\/q\" class=\"wp-block-coblocks-map alignfull\"><iframe title=\"Google Map\" frameborder=\"0\" style=\"width:100%;min-height:456px\" src=\"https:\/\/www.google.com\/maps\/embed?pb=!1m18!1m12!1m3!1d3784.185890661533!2d-69.9481876846921!3d18.475237175380062!2m3!1f0!2f0!3f0!3m2!1i1024!2i768!4f13.1!3m3!1m2!1s0x8eaf89f1abab78a5%3A0xf7167419bdd738e3!2sCooperativa%20COOPCAEI!5e0!3m2!1ses-419!2sdo!4v1598479392038!5m2!1ses-419!2sdo\"><\/iframe><\/div>\n","protected":false},"excerpt":{"rendered":"<p>\u00bfC\u00f3mo podemos ayudarte? \u00a1Ll\u00e1manos o Escr\u00edbenos! Nos esforzamos por estar en comunicaci\u00f3n constante con nuestros socios. COOPINTEGRA (809) 540-5063 info@coopintegra.com.do Calle Cul de Sac 1 #10, Urb. Fernandez Santo Domingo, Rep\u00fablica Dominicana. Horario Lunes a viernes: 8:00 a. m. &#8211; 5:00 p. m.<\/p>\n","protected":false},"author":1,"featured_media":0,"parent":0,"menu_order":0,"comment_status":"closed","ping_status":"closed","template":"","meta":{"hide_page_title":"enabled","footnotes":""},"_links":{"self":[{"href":"https:\/\/coopintegra.com.do\/sitio\/wp-json\/wp\/v2\/pages\/10"}],"collection":[{"href":"https:\/\/coopintegra.com.do\/sitio\/wp-json\/wp\/v2\/pages"}],"about":[{"href":"https:\/\/coopintegra.com.do\/sitio\/wp-json\/wp\/v2\/types\/page"}],"author":[{"embeddable":true,"href":"https:\/\/coopintegra.com.do\/sitio\/wp-json\/wp\/v2\/users\/1"}],"replies":[{"embeddable":true,"href":"https:\/\/coopintegra.com.do\/sitio\/wp-json\/wp\/v2\/comments?post=10"}],"version-history":[{"count":26,"href":"https:\/\/coopintegra.com.do\/sitio\/wp-json\/wp\/v2\/pages\/10\/revisions"}],"predecessor-version":[{"id":792,"href":"https:\/\/coopintegra.com.do\/sitio\/wp-json\/wp\/v2\/pages\/10\/revisions\/792"}],"wp:attachment":[{"href":"https:\/\/coopintegra.com.do\/sitio\/wp-json\/wp\/v2\/media?parent=10"}],"curies":[{"name":"wp","href":"https:\/\/api.w.org\/{rel}","templated":true}]}}