{"id":130,"date":"2020-07-14T02:01:07","date_gmt":"2020-07-14T02:01:07","guid":{"rendered":"https:\/\/coopintegra.com.do\/sitio\/?page_id=130"},"modified":"2024-06-25T23:52:46","modified_gmt":"2024-06-25T23:52:46","slug":"conozcanos","status":"publish","type":"page","link":"https:\/\/coopintegra.com.do\/sitio\/conozcanos\/","title":{"rendered":"Con\u00f3zcanos"},"content":{"rendered":"\n<div class=\"wp-block-group is-layout-flow wp-block-group-is-layout-flow\"><div class=\"wp-block-group__inner-container\">\n<div class=\"wp-block-group alignwide is-layout-flow wp-block-group-is-layout-flow\"><div class=\"wp-block-group__inner-container\">\n<p><\/p>\n<\/div><\/div>\n\n\n\n<figure class=\"wp-block-image alignwide size-large\"><img loading=\"lazy\" decoding=\"async\" width=\"1020\" height=\"613\" src=\"https:\/\/coopintegra.com.do\/sitio\/wp-content\/uploads\/2020\/10\/coopintegra-1024x443-gerencia-general.jpg\" alt=\"\" class=\"wp-image-463\" srcset=\"https:\/\/coopintegra.com.do\/sitio\/wp-content\/uploads\/2020\/10\/coopintegra-1024x443-gerencia-general.jpg 1020w, https:\/\/coopintegra.com.do\/sitio\/wp-content\/uploads\/2020\/10\/coopintegra-1024x443-gerencia-general-300x180.jpg 300w, https:\/\/coopintegra.com.do\/sitio\/wp-content\/uploads\/2020\/10\/coopintegra-1024x443-gerencia-general-768x462.jpg 768w\" sizes=\"(max-width: 1020px) 100vw, 1020px\" \/><\/figure>\n<\/div><\/div>\n\n\n\n<div class=\"wp-block-group mt-0 is-layout-flow wp-block-group-is-layout-flow\"><div class=\"wp-block-group__inner-container\">\n<div class=\"wp-block-columns are-vertically-aligned-top is-layout-flex wp-container-core-columns-layout-1 wp-block-columns-is-layout-flex\">\n<div class=\"wp-block-column is-vertically-aligned-top is-layout-flow wp-block-column-is-layout-flow\">\n<figure class=\"wp-block-image size-full\"><img loading=\"lazy\" decoding=\"async\" width=\"276\" height=\"236\" src=\"https:\/\/coopintegra.com.do\/sitio\/wp-content\/uploads\/2020\/10\/COOPIntegra-275X236-Mision.jpg\" alt=\"\" class=\"wp-image-561\"\/><\/figure>\n\n\n\n<p class=\"has-text-align-left\"><\/p>\n<\/div>\n\n\n\n<div class=\"wp-block-column is-vertically-aligned-top is-layout-flow wp-block-column-is-layout-flow\">\n<figure class=\"wp-block-image size-full is-style-default\"><img loading=\"lazy\" decoding=\"async\" width=\"276\" height=\"236\" src=\"https:\/\/coopintegra.com.do\/sitio\/wp-content\/uploads\/2020\/10\/COOPIntegra-275X236-Vision.jpg\" alt=\"\" class=\"wp-image-559\"\/><\/figure>\n\n\n\n<p class=\"has-text-align-left\"><\/p>\n<\/div>\n\n\n\n<div class=\"wp-block-column is-vertically-aligned-top is-layout-flow wp-block-column-is-layout-flow\">\n<figure class=\"wp-block-image size-full\"><img loading=\"lazy\" decoding=\"async\" width=\"276\" height=\"236\" src=\"https:\/\/coopintegra.com.do\/sitio\/wp-content\/uploads\/2020\/10\/COOPIntegra-275X236-Valores.jpg\" alt=\"\" class=\"wp-image-560\"\/><\/figure>\n\n\n\n<div class=\"wp-block-group is-layout-flow wp-block-group-is-layout-flow\"><div class=\"wp-block-group__inner-container\">\n<p class=\"has-primary-color has-text-color\"><\/p>\n\n\n\n<p class=\"has-primary-color has-text-color\"><\/p>\n\n\n\n<p class=\"has-primary-color has-text-color\"><\/p>\n\n\n\n<p class=\"has-primary-color has-text-color\"><\/p>\n\n\n\n<p class=\"has-primary-color has-text-color\"><\/p>\n<\/div><\/div>\n<\/div>\n<\/div>\n<\/div><\/div>\n\n\n\n<div class=\"wp-block-group is-layout-flow wp-block-group-is-layout-flow\"><div class=\"wp-block-group__inner-container\">\n<p class=\"has-text-align-center has-primary-color has-text-color\"><\/p>\n<\/div><\/div>\n\n\n\n<div class=\"wp-block-group is-layout-flow wp-block-group-is-layout-flow\"><div class=\"wp-block-group__inner-container\">\n<div class=\"wp-block-coblocks-accordion\">\n<div class=\"wp-block-coblocks-accordion-item has-custom-font\" style=\"font-family:Helvetica\"><details><summary class=\"wp-block-coblocks-accordion-item__title has-background has-primary-background-color has-text-color has-quaternary-color\"><span class=\"uppercase\"><img loading=\"lazy\" decoding=\"async\" width=\"557\" height=\"292\" class=\"wp-image-359\" style=\"width: 75px;\" src=\"https:\/\/coopintegra.com.do\/sitio\/wp-content\/uploads\/2020\/08\/CoopIntegra-LOGO-Isologo-278x146-1.png\" alt=\"\" srcset=\"https:\/\/coopintegra.com.do\/sitio\/wp-content\/uploads\/2020\/08\/CoopIntegra-LOGO-Isologo-278x146-1.png 557w, https:\/\/coopintegra.com.do\/sitio\/wp-content\/uploads\/2020\/08\/CoopIntegra-LOGO-Isologo-278x146-1-300x157.png 300w\" sizes=\"(max-width: 557px) 100vw, 557px\" \/><\/span><strong><span class=\"uppercase\">C\u00f3digo de \u00c9tica<\/span><\/strong><\/summary><div class=\"wp-block-coblocks-accordion-item__content\" style=\"border-color:rgb(32,50,115)\">\n<p class=\"has-primary-color has-text-color has-custom-font has-custom-lineheight\" style=\"font-family:Montserrat;line-height:1.5\">Es frecuente que en las organizaciones se presenten situaciones que ponen en riesgo el compromiso \u00e9tico de las personas que la conforman, siendo necesario contar con normas y lineamientos conductuales claros que sirvan como referentes al momento de tomar decisiones que puedan comprometer la buena imagen empresarial.<\/p>\n<p class=\"has-primary-color has-text-color has-custom-font has-custom-lineheight\" style=\"font-family:Montserrat;line-height:1.5\">Se define la \u00c9tica como \u201cel conjunto de normas morales que rigen la conducta humana\u201d. Su objetivo es orientar las acciones de los seres humanos hacia el respeto, la integridad y el bien com\u00fan. En el \u00e1mbito empresarial, se establece como comportamiento \u00e9tico el compromiso de la organizaci\u00f3n y sus integrantes, con las leyes y sus principios y valores.<\/p>\n<p class=\"has-primary-color has-text-color has-custom-font\" style=\"font-family:Montserrat\">En consecuencia, recae en los directivos la responsabilidad crear una cultura organizacional que asegure un comportamiento individual de sus colaboradores, alineando su actuaci\u00f3n con sus principios y su declaraci\u00f3n de Valores, los cuales deben constituirse en la gu\u00eda que oriente todas las manifestaciones de la vida organizativa.<\/p>\n<p class=\"has-primary-color has-text-color has-custom-font has-custom-lineheight\" style=\"font-family:Montserrat;line-height:1.5\">Conscientes de esta responsabilidad, los miembros de Consejos y Comit\u00e9s, junto a los directivos de COOPINTEGRA, recogen en este documento todas las normativas que deben regir su comportamiento como organizaci\u00f3n y el de los individuos que la conforman; motivados fundamentalmente, por la necesidad de proveerlos un manual de comportamiento que facilite las herramientas para la toma de decisiones oportunas, correctas y firmes, apoyando la soluci\u00f3n de conflictos de intereses que puedan presentarse en sus relaciones internas y externas. M\u00e1s importante a\u00fan, saber cu\u00e1ndo y d\u00f3nde buscar la asesor\u00eda apropiada.<\/p>\n<p class=\"has-text-align-left\"><span class=\"has-inline-color has-primary-color\">Para m\u00e1s informaci\u00f3n, <a rel=\"noreferrer noopener\" href=\"https:\/\/coopintegra.com.do\/sitio\/wp-content\/uploads\/2020\/10\/COOPIntegra-Codigo-de-Etica-DIGITAL.pdf\" data-type=\"URL\" data-id=\"https:\/\/coopintegra.com.do\/sitio\/wp-content\/uploads\/2020\/10\/COOPIntegra-Codigo-de-Etica-DIGITAL.pdf\" target=\"_blank\"><strong>PULSE AQU<\/strong><\/a><\/span><strong><a rel=\"noreferrer noopener\" href=\"https:\/\/coopintegra.com.do\/sitio\/wp-content\/uploads\/2020\/10\/COOPIntegra-Codigo-de-Etica-DIGITAL.pdf\" data-type=\"URL\" data-id=\"https:\/\/coopintegra.com.do\/sitio\/wp-content\/uploads\/2020\/10\/COOPIntegra-Codigo-de-Etica-DIGITAL.pdf\" target=\"_blank\">\u00cd<\/a><\/strong><\/p>\n<\/div><\/details><\/div>\n<div class=\"wp-block-coblocks-accordion-item has-custom-font\" style=\"font-family:Helvetica\"><details><summary class=\"wp-block-coblocks-accordion-item__title has-background has-primary-background-color has-text-color has-quaternary-color\"><span class=\"uppercase\"><img loading=\"lazy\" decoding=\"async\" width=\"557\" height=\"292\" class=\"wp-image-359\" style=\"width: 75px;\" src=\"https:\/\/coopintegra.com.do\/sitio\/wp-content\/uploads\/2020\/08\/CoopIntegra-LOGO-Isologo-278x146-1.png\" alt=\"\" srcset=\"https:\/\/coopintegra.com.do\/sitio\/wp-content\/uploads\/2020\/08\/CoopIntegra-LOGO-Isologo-278x146-1.png 557w, https:\/\/coopintegra.com.do\/sitio\/wp-content\/uploads\/2020\/08\/CoopIntegra-LOGO-Isologo-278x146-1-300x157.png 300w\" sizes=\"(max-width: 557px) 100vw, 557px\" \/><\/span><strong><span class=\"uppercase\">historia de nuestra cooperativa<\/span><\/strong><\/summary><div class=\"wp-block-coblocks-accordion-item__content\" style=\"border-color:rgb(32,50,115)\">\n<p class=\"has-primary-color has-text-color has-custom-font has-custom-lineheight\" style=\"font-family:Montserrat;line-height:1.5\">Este grupo cooperativo tuvo sus inicios con la idea de fomentar el ahorro en los trabajadores y empleados y, al mismo tiempo, hacer \u00e1gil la obtenci\u00f3n de pr\u00e9stamos. Esta idea surgi\u00f3 de un gerente en la d\u00e9cada del 1990.<\/p>\n<p class=\"has-primary-color has-text-color has-custom-font has-custom-lineheight\" style=\"font-family:Montserrat;line-height:1.5\">Con este prop\u00f3sito se form\u00f3 un Comit\u00e9 Gestor que se dispuso a iniciar los tr\u00e1mites pertinentes. Conforme con lo planteado, y con la firme convicci\u00f3n de que este tipo de empresas tiene como objetivo reducir los niveles de costos de los mercados, el Comit\u00e9 Gestor, con la asesor\u00eda de los t\u00e9cnicos del IDECOOP, se aprest\u00f3 a dejar conformada una cooperativa que respondiera a los objetivos que se plantearon desde su inicio como organizaci\u00f3n.<\/p>\n<p class=\"has-primary-color has-text-color has-custom-font has-custom-lineheight\" style=\"font-family:Montserrat;line-height:1.5\">Los trabajos de promoci\u00f3n para la Cooperativa se iniciaron con la primera reuni\u00f3n constitutiva realizada el 21 de febrero de 1995. En esta se fij\u00f3 un aporte m\u00ednimo de los\nasociados el 3% del salario. Inicialmente, se inscribieron 40 socios, y fue realizado el primer descuento por nomina a favor de la cooperativa en el mes de marzo de ese mismo a\u00f1o, y es as\u00ed como se recibe la primera retenci\u00f3n a favor de la Cooperativa.<\/p>\n<p class=\"has-primary-color has-text-color has-custom-font has-custom-lineheight\" style=\"font-family:Montserrat;line-height:1.5\">M\u00e1s adelante se fueron incorporando nuevos empleados.<\/p>\n<p class=\"has-primary-color has-text-color has-custom-font has-custom-lineheight\" style=\"font-family:Montserrat;line-height:1.5\">Nuestro objetivo principal es crear conciencia en el socio de que es su responsabilidad\nconvertirse en un fiel defensor\u00a0y colaborador de la Cooperativa, para lograr solidez y confianza, y al mismo tiempo asegurar su permanencia y prestigio en el mercado.<\/p>\n<p class=\"has-primary-color has-text-color has-custom-font has-custom-lineheight\" style=\"font-family:Montserrat;line-height:1.5\">De este grupo cooperativo naci\u00f3 la m\u00edstica de velar por la formaci\u00f3n de hombres y mujeres con conciencia de lucha por una sociedad m\u00e1s justa y que cuente con la formaci\u00f3n de l\u00edderes y t\u00e9cnicos a trav\u00e9s del veh\u00edculo llamado Educaci\u00f3n Cooperativa.\nEste grupo ha ejecutado diversos programas de servicios a sus asociados, aplicando pol\u00edticas econ\u00f3micas que le permitan a sus socios desenvolverse con una mejor holgura de sus finanzas en el diario vivir.<\/p>\n<\/div><\/details><\/div>\n<\/div>\n<\/div><\/div>\n\n\n\n<h4 class=\"wp-block-heading has-text-align-center has-custom-font has-helvetica-font-family\">Objetivos Principales<\/h4>\n\n\n\n<div class=\"wp-block-group is-layout-flow wp-block-group-is-layout-flow\"><div class=\"wp-block-group__inner-container\">\n<div class=\"wp-block-columns is-layout-flex wp-container-core-columns-layout-2 wp-block-columns-is-layout-flex\">\n<div class=\"wp-block-column is-layout-flow wp-block-column-is-layout-flow\">\n<p>Fomentar el sistema cooperativo en todas sus formas y estimular el ahorro y la cooperaci\u00f3n econ\u00f3mica entre sus asociados. Dar servicios a sus asociados y a la empresa en que funcione. Conceder pr\u00e9stamos a corto y largo plazo a sus asociados con un inter\u00e9s razonable, con garant\u00eda personal, prendaria o hipotecaria, con fines productivos o providentes y de leg\u00edtima necesidad: especialmente liber\u00e1ndolos de la \u201cUsura\u201d.<\/p>\n<\/div>\n\n\n\n<div class=\"wp-block-column is-layout-flow wp-block-column-is-layout-flow\">\n<p>Capacitar econ\u00f3mica y socialmente a los socios mediante una adecuada<br>educaci\u00f3n cooperativa y fomentar la expansi\u00f3n e integraci\u00f3n del movimiento cooperativo. Desarrollar aquellas actividades econ\u00f3micas que sean necesarias para lograr sus fines y prop\u00f3sitos, como es, el invertir excedentes de aportaciones, para sacar mayores beneficios, satisfacer de cada uno, pero si su calidad como due\u00f1o, en cuanto a su participaci\u00f3n decidida en todas las actividades que realice la sociedad cooperativa.<\/p>\n<\/div>\n<\/div>\n\n\n\n<h4 class=\"wp-block-heading has-text-align-center has-custom-font has-helvetica-font-family\">Margo Legal<\/h4>\n<\/div><\/div>\n\n\n\n<div class=\"wp-block-group is-layout-flow wp-block-group-is-layout-flow\"><div class=\"wp-block-group__inner-container\">\n<div class=\"wp-block-group is-layout-flow wp-block-group-is-layout-flow\"><div class=\"wp-block-group__inner-container\">\n<div class=\"wp-block-group is-layout-flow wp-block-group-is-layout-flow\"><div class=\"wp-block-group__inner-container\">\n<div class=\"wp-block-group alignfull is-layout-flow wp-block-group-is-layout-flow\"><div class=\"wp-block-group__inner-container\">\n<div class=\"wp-block-columns alignfull has-primary-to-tertiary-gradient-background has-text-color has-background is-layout-flex wp-container-core-columns-layout-3 wp-block-columns-is-layout-flex\" style=\"color:#14a9e1\">\n<div class=\"wp-block-column has-primary-background-color has-background is-layout-flow wp-block-column-is-layout-flow\"><div class=\"wp-block-image coblocks-animate\">\n<figure class=\"alignright size-large is-resized\"><a href=\"https:\/\/coopintegra.com.do\/sitio\/wp-content\/uploads\/2020\/10\/COOPIntegra-Estatutos.pdf\" target=\"_blank\" rel=\"noopener noreferrer\"><img decoding=\"async\" src=\"https:\/\/coopintegra.com.do\/sitio\/wp-content\/uploads\/2020\/10\/CoopIntegra-1500x1595-pdf-icon-download-1-963x1024.png\" alt=\"\" class=\"wp-image-494\" style=\"width:69px;height:auto\"\/><\/a><\/figure><\/div>\n\n\n<p><\/p>\n<\/div>\n\n\n\n<div class=\"wp-block-column has-primary-background-color has-background is-layout-flow wp-block-column-is-layout-flow\"><div class=\"wp-block-image coblocks-animate\">\n<figure class=\"aligncenter size-large is-resized\"><a href=\"https:\/\/coopintegra.com.do\/sitio\/wp-content\/uploads\/2020\/10\/COOPIntegra-Aspectos-Legales.pdf\" target=\"_blank\" rel=\"noopener noreferrer\"><img decoding=\"async\" src=\"https:\/\/coopintegra.com.do\/sitio\/wp-content\/uploads\/2020\/10\/CoopIntegra-1500x1595-pdf-icon-download-1-963x1024.png\" alt=\"\" class=\"wp-image-494\" style=\"width:71px;height:auto\"\/><\/a><\/figure><\/div><\/div>\n\n\n\n<div class=\"wp-block-column has-primary-background-color has-background is-layout-flow wp-block-column-is-layout-flow\"><div class=\"wp-block-image coblocks-animate\">\n<figure class=\"aligncenter size-large\"><a href=\"https:\/\/coopintegra.com.do\/sitio\/wp-content\/uploads\/2020\/10\/COOPIntegra-Sistemas-de-Control.pdf\" target=\"_blank\" rel=\"noopener noreferrer\"><img decoding=\"async\" src=\"https:\/\/coopintegra.com.do\/sitio\/wp-content\/uploads\/2020\/10\/CoopIntegra-1500x1595-pdf-icon-download-1-963x1024.png\" alt=\"\" class=\"wp-image-494\"\/><\/a><\/figure><\/div>\n\n\n<p class=\"has-text-align-center has-quaternary-color has-text-color\"><\/p>\n<\/div>\n\n\n\n<div class=\"wp-block-column has-primary-background-color has-background is-layout-flow wp-block-column-is-layout-flow\">\n<figure class=\"wp-block-image size-large is-resized coblocks-animate\"><a href=\"https:\/\/coopintegra.com.do\/sitio\/wp-content\/uploads\/2020\/10\/COOPINTEGRA-Estructura-Organizacional.pdf\" target=\"_blank\" rel=\"Estructura Organizacional noopener noreferrer\"><img decoding=\"async\" src=\"https:\/\/coopintegra.com.do\/sitio\/wp-content\/uploads\/2020\/10\/CoopIntegra-1500x1595-pdf-icon-download-1-963x1024.png\" alt=\"\" class=\"wp-image-494\" style=\"width:81px;height:86px\"\/><\/a><\/figure>\n\n\n\n<p class=\"has-text-align-center has-quaternary-color has-text-color\"><\/p>\n\n\n\n<p class=\"has-text-align-center has-quaternary-color has-text-color\"><\/p>\n<\/div>\n<\/div>\n<\/div><\/div>\n<\/div><\/div>\n<\/div><\/div>\n\n\n\n<div class=\"wp-block-group alignfull mb-0 mt-0 has-huge-padding is-layout-flow wp-block-group-is-layout-flow\"><div class=\"wp-block-group__inner-container\"><\/div><\/div>\n\n\n\n<p><\/p>\n<\/div><\/div>\n\n\n\n<p><\/p>\n","protected":false},"excerpt":{"rendered":"<p>C\u00f3digo de \u00c9tica Es frecuente que en las organizaciones se presenten situaciones que ponen en riesgo el compromiso \u00e9tico de las personas que la conforman, siendo necesario contar con normas y lineamientos conductuales claros que sirvan como referentes al momento de tomar decisiones que puedan comprometer la buena imagen empresarial. Se define la \u00c9tica como [&hellip;]<\/p>\n","protected":false},"author":1,"featured_media":0,"parent":0,"menu_order":0,"comment_status":"closed","ping_status":"closed","template":"","meta":{"hide_page_title":"enabled","footnotes":""},"_links":{"self":[{"href":"https:\/\/coopintegra.com.do\/sitio\/wp-json\/wp\/v2\/pages\/130"}],"collection":[{"href":"https:\/\/coopintegra.com.do\/sitio\/wp-json\/wp\/v2\/pages"}],"about":[{"href":"https:\/\/coopintegra.com.do\/sitio\/wp-json\/wp\/v2\/types\/page"}],"author":[{"embeddable":true,"href":"https:\/\/coopintegra.com.do\/sitio\/wp-json\/wp\/v2\/users\/1"}],"replies":[{"embeddable":true,"href":"https:\/\/coopintegra.com.do\/sitio\/wp-json\/wp\/v2\/comments?post=130"}],"version-history":[{"count":91,"href":"https:\/\/coopintegra.com.do\/sitio\/wp-json\/wp\/v2\/pages\/130\/revisions"}],"predecessor-version":[{"id":852,"href":"https:\/\/coopintegra.com.do\/sitio\/wp-json\/wp\/v2\/pages\/130\/revisions\/852"}],"wp:attachment":[{"href":"https:\/\/coopintegra.com.do\/sitio\/wp-json\/wp\/v2\/media?parent=130"}],"curies":[{"name":"wp","href":"https:\/\/api.w.org\/{rel}","templated":true}]}}