{"id":182,"date":"2020-07-14T03:31:11","date_gmt":"2020-07-14T03:31:11","guid":{"rendered":"https:\/\/coopintegra.com.do\/sitio\/?page_id=182"},"modified":"2023-07-13T15:48:32","modified_gmt":"2023-07-13T15:48:32","slug":"productos","status":"publish","type":"page","link":"https:\/\/coopintegra.com.do\/sitio\/productos\/","title":{"rendered":"Productos"},"content":{"rendered":"\n<div class=\"wp-block-group alignfull mb-0 mt-0 has-no-padding is-layout-flow wp-block-group-is-layout-flow\"><div class=\"wp-block-group__inner-container\"><div class=\"wp-block-image\">\n<figure class=\"aligncenter size-large\"><img loading=\"lazy\" decoding=\"async\" width=\"1024\" height=\"543\" src=\"https:\/\/coopintegra.com.do\/sitio\/wp-content\/uploads\/2020\/10\/COOPIntegra-1510x800-productos-fija-1024x543.jpg\" alt=\"\" class=\"wp-image-608\" srcset=\"https:\/\/coopintegra.com.do\/sitio\/wp-content\/uploads\/2020\/10\/COOPIntegra-1510x800-productos-fija-1024x543.jpg 1024w, https:\/\/coopintegra.com.do\/sitio\/wp-content\/uploads\/2020\/10\/COOPIntegra-1510x800-productos-fija-300x159.jpg 300w, https:\/\/coopintegra.com.do\/sitio\/wp-content\/uploads\/2020\/10\/COOPIntegra-1510x800-productos-fija-768x407.jpg 768w, https:\/\/coopintegra.com.do\/sitio\/wp-content\/uploads\/2020\/10\/COOPIntegra-1510x800-productos-fija.jpg 1510w\" sizes=\"(max-width: 1024px) 100vw, 1024px\" \/><\/figure><\/div><\/div><\/div>\n\n\n\n<div class=\"wp-block-group is-layout-flow wp-block-group-is-layout-flow\"><div class=\"wp-block-group__inner-container\">\n<h4 class=\"wp-block-heading has-text-align-center has-custom-font has-helvetica-font-family\">Requisitos para poder disfrutar de nuestros productos y servicios. <\/h4>\n\n\n\n<div class=\"wp-block-group is-layout-flow wp-block-group-is-layout-flow\"><div class=\"wp-block-group__inner-container\">\n<div class=\"wp-block-columns are-vertically-aligned-top has-quaternary-color has-secondary-background-color has-text-color has-background is-layout-flex wp-container-core-columns-layout-1 wp-block-columns-is-layout-flex\">\n<div class=\"wp-block-column is-vertically-aligned-top is-layout-flow wp-block-column-is-layout-flow\">\n<p><p class=\"has-custom-font has-custom-lineheight\" style=\"font-family:Montserrat;line-height:1.5\">Actualmente CoopIntegra tiene establecido que, para ser miembro de esta se debe ser empleado fijo de alguna de las empresas que poseen convenio con esta instituci\u00f3n.&nbsp; Tambi\u00e9n es necesario la previa aprobaci\u00f3n del comit\u00e9 de cr\u00e9dito para todos los servicios y ser solicitados v\u00eda nuestros formularios.<\/p><\/p>\n\n\n\n<p><p class=\"has-custom-font has-custom-lineheight\" style=\"font-family:Montserrat;line-height:1.5\">El monto a solicitar prestado ser\u00e1 de m\u00e1ximo 3 veces el monto de sus ahorros.<\/p><\/p>\n<\/div>\n<\/div>\n<\/div><\/div>\n\n\n\n<p><\/p>\n<\/div><\/div>\n\n\n\n<div class=\"wp-block-group alignwide is-layout-flow wp-block-group-is-layout-flow\"><div class=\"wp-block-group__inner-container\">\n<div class=\"wp-block-group alignwide mb-0 mt-0 is-layout-flow wp-block-group-is-layout-flow\"><div class=\"wp-block-group__inner-container\">\n<div class=\"wp-block-media-text alignwide is-stacked-on-mobile\"><figure class=\"wp-block-media-text__media\"><img loading=\"lazy\" decoding=\"async\" width=\"1024\" height=\"543\" src=\"https:\/\/coopintegra.com.do\/sitio\/wp-content\/uploads\/2020\/10\/COOPIntegra-1024x507-ahorro-fija-1024x543.jpg\" alt=\"\" class=\"wp-image-609 size-full\" srcset=\"https:\/\/coopintegra.com.do\/sitio\/wp-content\/uploads\/2020\/10\/COOPIntegra-1024x507-ahorro-fija-1024x543.jpg 1024w, https:\/\/coopintegra.com.do\/sitio\/wp-content\/uploads\/2020\/10\/COOPIntegra-1024x507-ahorro-fija-300x159.jpg 300w, https:\/\/coopintegra.com.do\/sitio\/wp-content\/uploads\/2020\/10\/COOPIntegra-1024x507-ahorro-fija-768x407.jpg 768w, https:\/\/coopintegra.com.do\/sitio\/wp-content\/uploads\/2020\/10\/COOPIntegra-1024x507-ahorro-fija.jpg 1510w\" sizes=\"(max-width: 1024px) 100vw, 1024px\" \/><\/figure><div class=\"wp-block-media-text__content\">\n<p class=\"has-text-align-center\"><p class=\"has-text-align-center has-custom-font has-custom-weight has-custom-lineheight\" style=\"font-family:Helvetica;line-height:1.5;font-weight:bold;font-size:25px\"><span class=\"has-inline-color has-secondary-color\"><span class=\"uppercase\"><strong>Ahorros<\/strong><\/span><\/span><\/p><\/p>\n\n\n\n<p class=\"has-text-align-left\"><p class=\"has-text-align-left has-custom-font has-custom-lineheight\" style=\"font-family:Montserrat;line-height:1.5\"><span class=\"has-inline-color has-primary-color\">El ahorro es un elemento muy importante de una familia, pero solo se consigue a trav\u00e9s de una buena planificaci\u00f3n patrimonial. Dentro de los servicios que brindamos al asociado incluye el servicio de ahorro. El socio autoriza un % determinado y se aplica en adici\u00f3n al ahorro normal. <\/span><\/p><\/p>\n\n\n\n<div class=\"wp-block-buttons is-layout-flex wp-block-buttons-is-layout-flex\">\n<div class=\"wp-block-button is-style-fill has-custom-font has-custom-lineheight has-montserrat-font-family\"><a class=\"wp-block-button__link wp-element-button\" href=\"https:\/\/coopintegra.com.do\/sitio\/wp-content\/uploads\/2020\/10\/COOPIntegra-Formulario-Cambio-de-Ahorros.pdf\" target=\"_blank\" rel=\"noreferrer noopener\"><img loading=\"lazy\" decoding=\"async\" width=\"557\" height=\"292\" class=\"wp-image-359\" style=\"width: 50px;\" src=\"https:\/\/coopintegra.com.do\/sitio\/wp-content\/uploads\/2020\/08\/CoopIntegra-LOGO-Isologo-278x146-1.png\" alt=\"\" srcset=\"https:\/\/coopintegra.com.do\/sitio\/wp-content\/uploads\/2020\/08\/CoopIntegra-LOGO-Isologo-278x146-1.png 557w, https:\/\/coopintegra.com.do\/sitio\/wp-content\/uploads\/2020\/08\/CoopIntegra-LOGO-Isologo-278x146-1-300x157.png 300w\" sizes=\"(max-width: 557px) 100vw, 557px\" \/>Solicitud de Cambio de Ahorros<\/a><\/div>\n<\/div>\n\n\n\n<p><\/p>\n<\/div><\/div>\n\n\n\n<div class=\"wp-block-columns is-layout-flex wp-container-core-columns-layout-2 wp-block-columns-is-layout-flex\">\n<div class=\"wp-block-column is-layout-flow wp-block-column-is-layout-flow\"><\/div>\n<\/div>\n<\/div><\/div>\n\n\n\n<p><\/p>\n<\/div><\/div>\n\n\n\n<div class=\"wp-block-group alignwide is-layout-flow wp-block-group-is-layout-flow\"><div class=\"wp-block-group__inner-container\">\n<div class=\"wp-block-group alignwide mb-0 mt-0 is-layout-flow wp-block-group-is-layout-flow\"><div class=\"wp-block-group__inner-container\">\n<div class=\"wp-block-media-text alignwide has-media-on-the-right is-stacked-on-mobile\"><div class=\"wp-block-media-text__content\">\n<p class=\"has-text-align-center\"><p class=\"has-text-align-center has-custom-font has-custom-weight has-custom-lineheight\" style=\"font-family:Helvetica;line-height:1.5;font-weight:bold;font-size:25px\"><span class=\"has-inline-color has-secondary-color\"><span class=\"uppercase\"><strong>PR\u00c9STAMOS<\/strong><\/span><\/span><\/p><\/p>\n\n\n\n<p><p class=\"has-custom-font has-custom-lineheight\" style=\"font-family:Montserrat;line-height:1.5\"><span class=\"has-inline-color has-primary-color\">Un pr\u00e9stamo es una operaci\u00f3n financiera por la cual una persona (prestamista) otorga mediante un contrato o acuerdo entre las partes, un activo (normalmente una cantidad de dinero) a otra persona (prestatario), a cambio de la obtenci\u00f3n de un inter\u00e9s (precio del dinero).<\/span><\/p><\/p>\n\n\n\n<div class=\"wp-block-buttons is-layout-flex wp-block-buttons-is-layout-flex\">\n<div class=\"wp-block-button has-custom-font has-montserrat-font-family\"><a class=\"wp-block-button__link wp-element-button\" href=\"https:\/\/coopintegra.com.do\/sitio\/wp-content\/uploads\/2020\/10\/COOPIntegra-Formulario-Solicitud-de-Prestamo.pdf\" target=\"_blank\" rel=\"noreferrer noopener\"><img loading=\"lazy\" decoding=\"async\" width=\"557\" height=\"292\" class=\"wp-image-359\" style=\"width: 50px;\" src=\"https:\/\/coopintegra.com.do\/sitio\/wp-content\/uploads\/2020\/08\/CoopIntegra-LOGO-Isologo-278x146-1.png\" alt=\"\" srcset=\"https:\/\/coopintegra.com.do\/sitio\/wp-content\/uploads\/2020\/08\/CoopIntegra-LOGO-Isologo-278x146-1.png 557w, https:\/\/coopintegra.com.do\/sitio\/wp-content\/uploads\/2020\/08\/CoopIntegra-LOGO-Isologo-278x146-1-300x157.png 300w\" sizes=\"(max-width: 557px) 100vw, 557px\" \/>Solicitud de Pr\u00e9stamos<\/a><\/div>\n<\/div>\n\n\n\n<p><\/p>\n<\/div><figure class=\"wp-block-media-text__media\"><img loading=\"lazy\" decoding=\"async\" width=\"1024\" height=\"543\" src=\"https:\/\/coopintegra.com.do\/sitio\/wp-content\/uploads\/2020\/10\/COOPIntegra-1024x507-prestamo-fija-1024x543.jpg\" alt=\"\" class=\"wp-image-610 size-full\" srcset=\"https:\/\/coopintegra.com.do\/sitio\/wp-content\/uploads\/2020\/10\/COOPIntegra-1024x507-prestamo-fija-1024x543.jpg 1024w, https:\/\/coopintegra.com.do\/sitio\/wp-content\/uploads\/2020\/10\/COOPIntegra-1024x507-prestamo-fija-300x159.jpg 300w, https:\/\/coopintegra.com.do\/sitio\/wp-content\/uploads\/2020\/10\/COOPIntegra-1024x507-prestamo-fija-768x407.jpg 768w, https:\/\/coopintegra.com.do\/sitio\/wp-content\/uploads\/2020\/10\/COOPIntegra-1024x507-prestamo-fija.jpg 1510w\" sizes=\"(max-width: 1024px) 100vw, 1024px\" \/><\/figure><\/div>\n\n\n\n<div class=\"wp-block-media-text alignwide is-stacked-on-mobile\"><figure class=\"wp-block-media-text__media\"><img loading=\"lazy\" decoding=\"async\" width=\"1024\" height=\"543\" src=\"https:\/\/coopintegra.com.do\/sitio\/wp-content\/uploads\/2020\/10\/COOPIntegra-1024x507-coopviajes-1024x543.jpg\" alt=\"\" class=\"wp-image-694 size-full\" srcset=\"https:\/\/coopintegra.com.do\/sitio\/wp-content\/uploads\/2020\/10\/COOPIntegra-1024x507-coopviajes-1024x543.jpg 1024w, https:\/\/coopintegra.com.do\/sitio\/wp-content\/uploads\/2020\/10\/COOPIntegra-1024x507-coopviajes-300x159.jpg 300w, https:\/\/coopintegra.com.do\/sitio\/wp-content\/uploads\/2020\/10\/COOPIntegra-1024x507-coopviajes-768x407.jpg 768w, https:\/\/coopintegra.com.do\/sitio\/wp-content\/uploads\/2020\/10\/COOPIntegra-1024x507-coopviajes.jpg 1510w\" sizes=\"(max-width: 1024px) 100vw, 1024px\" \/><\/figure><div class=\"wp-block-media-text__content\">\n<p class=\"has-text-align-center\"><p class=\"has-text-align-center has-custom-font has-custom-weight has-custom-lineheight\" style=\"font-family:Helvetica;line-height:1.5;font-weight:bold;font-size:25px\"><span class=\"has-inline-color has-secondary-color\"><strong>COOPVIAJES<\/strong><\/span><\/p><\/p>\n\n\n\n<p><p class=\"has-custom-font has-custom-lineheight\" style=\"font-family:Montserrat;line-height:1.5\"><span class=\"has-inline-color has-primary-color\">Se acercan las vacaciones y queremos que disfrutes del placer de viajar sin tener que preocuparte de nada m\u00e1s. Pensemos juntos tu pr\u00f3ximo destino.<\/span><\/p><\/p>\n\n\n\n<div class=\"wp-block-buttons is-layout-flex wp-block-buttons-is-layout-flex\">\n<div class=\"wp-block-button has-custom-font has-montserrat-font-family\"><a class=\"wp-block-button__link wp-element-button\" href=\"https:\/\/coopintegra.com.do\/sitio\/wp-content\/uploads\/2020\/10\/COOPIntegra-Formulario-COOPVIAJES.pdf\" target=\"_blank\" rel=\"noreferrer noopener\"><img loading=\"lazy\" decoding=\"async\" width=\"557\" height=\"292\" class=\"wp-image-359\" style=\"width: 50px;\" src=\"https:\/\/coopintegra.com.do\/sitio\/wp-content\/uploads\/2020\/08\/CoopIntegra-LOGO-Isologo-278x146-1.png\" alt=\"\" srcset=\"https:\/\/coopintegra.com.do\/sitio\/wp-content\/uploads\/2020\/08\/CoopIntegra-LOGO-Isologo-278x146-1.png 557w, https:\/\/coopintegra.com.do\/sitio\/wp-content\/uploads\/2020\/08\/CoopIntegra-LOGO-Isologo-278x146-1-300x157.png 300w\" sizes=\"(max-width: 557px) 100vw, 557px\" \/>Solicitud de CoopViajes<\/a><\/div>\n<\/div>\n<\/div><\/div>\n\n\n\n<div class=\"wp-block-media-text alignwide has-media-on-the-right is-stacked-on-mobile\"><div class=\"wp-block-media-text__content\">\n<p class=\"has-text-align-center\"><p class=\"has-text-align-center has-custom-font has-custom-weight has-custom-lineheight\" style=\"font-family:Helvetica;line-height:1.5;font-weight:bold;font-size:25px\"><span class=\"has-inline-color has-secondary-color\"><strong>NAVICOOP<\/strong><\/span><\/p><\/p>\n\n\n\n<p><p class=\"has-custom-font has-custom-lineheight\" style=\"font-family:Montserrat;line-height:1.5\"><span class=\"has-inline-color has-primary-color\">Es un sistema de ahorro que te permite planificar para los gastos extraordinarios de la \u00e9poca navide\u00f1a. Cuenta con nosotros y remodela&nbsp;tu&nbsp;casa&nbsp;para&nbsp;las&nbsp;fiestas&nbsp;o&nbsp;ahorra&nbsp;para&nbsp;los&nbsp;gastos&nbsp;de&nbsp;Navidad.<\/span><\/p><\/p>\n\n\n\n<div class=\"wp-block-buttons is-layout-flex wp-block-buttons-is-layout-flex\">\n<div class=\"wp-block-button has-custom-font has-montserrat-font-family\"><a class=\"wp-block-button__link wp-element-button\" href=\"https:\/\/coopintegra.com.do\/sitio\/wp-content\/uploads\/2020\/10\/COOPIntegra-Formulario-NAVICOOP.pdf\" target=\"_blank\" rel=\"noreferrer noopener\"><img loading=\"lazy\" decoding=\"async\" width=\"557\" height=\"292\" class=\"wp-image-359\" style=\"width: 50px;\" src=\"https:\/\/coopintegra.com.do\/sitio\/wp-content\/uploads\/2020\/08\/CoopIntegra-LOGO-Isologo-278x146-1.png\" alt=\"\" srcset=\"https:\/\/coopintegra.com.do\/sitio\/wp-content\/uploads\/2020\/08\/CoopIntegra-LOGO-Isologo-278x146-1.png 557w, https:\/\/coopintegra.com.do\/sitio\/wp-content\/uploads\/2020\/08\/CoopIntegra-LOGO-Isologo-278x146-1-300x157.png 300w\" sizes=\"(max-width: 557px) 100vw, 557px\" \/>Solicitud de NaviCoop<\/a><\/div>\n<\/div>\n<\/div><figure class=\"wp-block-media-text__media\"><img loading=\"lazy\" decoding=\"async\" width=\"1024\" height=\"543\" src=\"https:\/\/coopintegra.com.do\/sitio\/wp-content\/uploads\/2020\/10\/COOPIntegra-1024x507-navicoop-1024x543.jpg\" alt=\"\" class=\"wp-image-695 size-full\" srcset=\"https:\/\/coopintegra.com.do\/sitio\/wp-content\/uploads\/2020\/10\/COOPIntegra-1024x507-navicoop-1024x543.jpg 1024w, https:\/\/coopintegra.com.do\/sitio\/wp-content\/uploads\/2020\/10\/COOPIntegra-1024x507-navicoop-300x159.jpg 300w, https:\/\/coopintegra.com.do\/sitio\/wp-content\/uploads\/2020\/10\/COOPIntegra-1024x507-navicoop-768x407.jpg 768w, https:\/\/coopintegra.com.do\/sitio\/wp-content\/uploads\/2020\/10\/COOPIntegra-1024x507-navicoop.jpg 1510w\" sizes=\"(max-width: 1024px) 100vw, 1024px\" \/><\/figure><\/div>\n\n\n\n<div class=\"wp-block-media-text alignwide is-stacked-on-mobile\"><figure class=\"wp-block-media-text__media\"><img loading=\"lazy\" decoding=\"async\" width=\"1024\" height=\"543\" src=\"https:\/\/coopintegra.com.do\/sitio\/wp-content\/uploads\/2020\/10\/COOPIntegra-1024x507-prestamos-educativos-1024x543.jpg\" alt=\"\" class=\"wp-image-693 size-full\" srcset=\"https:\/\/coopintegra.com.do\/sitio\/wp-content\/uploads\/2020\/10\/COOPIntegra-1024x507-prestamos-educativos-1024x543.jpg 1024w, https:\/\/coopintegra.com.do\/sitio\/wp-content\/uploads\/2020\/10\/COOPIntegra-1024x507-prestamos-educativos-300x159.jpg 300w, https:\/\/coopintegra.com.do\/sitio\/wp-content\/uploads\/2020\/10\/COOPIntegra-1024x507-prestamos-educativos-768x407.jpg 768w, https:\/\/coopintegra.com.do\/sitio\/wp-content\/uploads\/2020\/10\/COOPIntegra-1024x507-prestamos-educativos.jpg 1510w\" sizes=\"(max-width: 1024px) 100vw, 1024px\" \/><\/figure><div class=\"wp-block-media-text__content\">\n<p class=\"has-text-align-center\"><p class=\"has-text-align-center has-custom-font has-custom-weight has-custom-lineheight\" style=\"font-family:Helvetica;line-height:1.5;font-weight:bold;font-size:25px\"><strong><span class=\"has-inline-color has-primary-color\">PR\u00c9STAMO EDUCATIVO<\/span><\/strong><\/p><\/p>\n\n\n\n<p><p class=\"has-custom-font has-custom-lineheight\" style=\"font-family:Montserrat;line-height:1.5\"><span class=\"has-inline-color has-primary-color\">Es un financiamiento dirigido al sector estudiantil que deseen financiar sus gastos en \u00fatiles escolares y materiales para el inicio del a\u00f1o escolar.<\/span><\/p><\/p>\n\n\n\n<div class=\"wp-block-buttons is-layout-flex wp-block-buttons-is-layout-flex\">\n<div class=\"wp-block-button has-custom-font has-montserrat-font-family\"><a class=\"wp-block-button__link wp-element-button\" href=\"https:\/\/coopintegra.com.do\/sitio\/wp-content\/uploads\/2020\/10\/COOPIntegra-Formulario-Prestamo-Colegio.pdf\" target=\"_blank\" rel=\"noreferrer noopener\"><img loading=\"lazy\" decoding=\"async\" width=\"557\" height=\"292\" class=\"wp-image-359\" style=\"width: 50px;\" src=\"https:\/\/coopintegra.com.do\/sitio\/wp-content\/uploads\/2020\/08\/CoopIntegra-LOGO-Isologo-278x146-1.png\" alt=\"\" srcset=\"https:\/\/coopintegra.com.do\/sitio\/wp-content\/uploads\/2020\/08\/CoopIntegra-LOGO-Isologo-278x146-1.png 557w, https:\/\/coopintegra.com.do\/sitio\/wp-content\/uploads\/2020\/08\/CoopIntegra-LOGO-Isologo-278x146-1-300x157.png 300w\" sizes=\"(max-width: 557px) 100vw, 557px\" \/>Solicitud de Pr\u00e9stamo Educativo<\/a><\/div>\n<\/div>\n<\/div><\/div>\n\n\n\n<div class=\"wp-block-buttons is-layout-flex wp-block-buttons-is-layout-flex\"><\/div>\n\n\n\n<p><\/p>\n<\/div><\/div>\n\n\n\n<p><\/p>\n<\/div><\/div>\n\n\n\n<div class=\"wp-block-group is-layout-flow wp-block-group-is-layout-flow\"><div class=\"wp-block-group__inner-container\"><\/div><\/div>\n\n\n\n<div class=\"wp-block-group alignfull is-layout-flow wp-block-group-is-layout-flow\"><div class=\"wp-block-group__inner-container\"><\/div><\/div>\n\n\n\n<p><\/p>\n","protected":false},"excerpt":{"rendered":"<p>Requisitos para poder disfrutar de nuestros productos y servicios. Actualmente CoopIntegra tiene establecido que, para ser miembro de esta se debe ser empleado fijo de alguna de las empresas que poseen convenio con esta instituci\u00f3n.&nbsp; Tambi\u00e9n es necesario la previa aprobaci\u00f3n del comit\u00e9 de cr\u00e9dito para todos los servicios y ser solicitados v\u00eda nuestros formularios. [&hellip;]<\/p>\n","protected":false},"author":1,"featured_media":0,"parent":0,"menu_order":0,"comment_status":"closed","ping_status":"closed","template":"","meta":{"hide_page_title":"enabled","footnotes":""},"_links":{"self":[{"href":"https:\/\/coopintegra.com.do\/sitio\/wp-json\/wp\/v2\/pages\/182"}],"collection":[{"href":"https:\/\/coopintegra.com.do\/sitio\/wp-json\/wp\/v2\/pages"}],"about":[{"href":"https:\/\/coopintegra.com.do\/sitio\/wp-json\/wp\/v2\/types\/page"}],"author":[{"embeddable":true,"href":"https:\/\/coopintegra.com.do\/sitio\/wp-json\/wp\/v2\/users\/1"}],"replies":[{"embeddable":true,"href":"https:\/\/coopintegra.com.do\/sitio\/wp-json\/wp\/v2\/comments?post=182"}],"version-history":[{"count":57,"href":"https:\/\/coopintegra.com.do\/sitio\/wp-json\/wp\/v2\/pages\/182\/revisions"}],"predecessor-version":[{"id":822,"href":"https:\/\/coopintegra.com.do\/sitio\/wp-json\/wp\/v2\/pages\/182\/revisions\/822"}],"wp:attachment":[{"href":"https:\/\/coopintegra.com.do\/sitio\/wp-json\/wp\/v2\/media?parent=182"}],"curies":[{"name":"wp","href":"https:\/\/api.w.org\/{rel}","templated":true}]}}