{"id":283,"date":"2020-08-26T19:28:06","date_gmt":"2020-08-26T19:28:06","guid":{"rendered":"https:\/\/coopintegra.com.do\/sitio\/?page_id=283"},"modified":"2023-07-13T15:47:31","modified_gmt":"2023-07-13T15:47:31","slug":"servicios","status":"publish","type":"page","link":"https:\/\/coopintegra.com.do\/sitio\/servicios\/","title":{"rendered":"Servicios"},"content":{"rendered":"\n<div class=\"wp-block-group alignfull is-layout-flow wp-block-group-is-layout-flow\"><div class=\"wp-block-group__inner-container\">\n<div class=\"wp-block-group alignfull is-layout-flow wp-block-group-is-layout-flow\"><div class=\"wp-block-group__inner-container\">\n<div class=\"wp-block-group alignfull is-layout-flow wp-block-group-is-layout-flow\"><div class=\"wp-block-group__inner-container\"><div class=\"wp-block-image\">\n<figure class=\"aligncenter size-large\"><img loading=\"lazy\" decoding=\"async\" width=\"1024\" height=\"543\" src=\"https:\/\/coopintegra.com.do\/sitio\/wp-content\/uploads\/2020\/10\/COOPIntegra-1510x800-servicios-fija-1024x543.jpg\" alt=\"\" class=\"wp-image-614\" srcset=\"https:\/\/coopintegra.com.do\/sitio\/wp-content\/uploads\/2020\/10\/COOPIntegra-1510x800-servicios-fija-1024x543.jpg 1024w, https:\/\/coopintegra.com.do\/sitio\/wp-content\/uploads\/2020\/10\/COOPIntegra-1510x800-servicios-fija-300x159.jpg 300w, https:\/\/coopintegra.com.do\/sitio\/wp-content\/uploads\/2020\/10\/COOPIntegra-1510x800-servicios-fija-768x407.jpg 768w, https:\/\/coopintegra.com.do\/sitio\/wp-content\/uploads\/2020\/10\/COOPIntegra-1510x800-servicios-fija.jpg 1510w\" sizes=\"(max-width: 1024px) 100vw, 1024px\" \/><\/figure><\/div>\n\n\n<p><\/p>\n\n\n\n<h4 class=\"wp-block-heading has-text-align-center has-custom-font has-helvetica-font-family\">Descarga nuestros formularios <\/h4>\n\n\n\n<div class=\"wp-block-group alignwide is-layout-flow wp-block-group-is-layout-flow\"><div class=\"wp-block-group__inner-container\">\n<div class=\"wp-block-group alignwide has-no-padding has-tertiary-color has-primary-to-tertiary-gradient-background has-text-color has-background is-layout-flow wp-block-group-is-layout-flow\"><div class=\"wp-block-group__inner-container\">\n<div class=\"wp-block-columns alignfull are-vertically-aligned-top is-layout-flex wp-container-core-columns-layout-1 wp-block-columns-is-layout-flex\">\n<div class=\"wp-block-column is-vertically-aligned-top is-layout-flow wp-block-column-is-layout-flow\"><div class=\"wp-block-image coblocks-animate\">\n<figure class=\"aligncenter size-large\"><a href=\"https:\/\/coopintegra.com.do\/sitio\/wp-content\/uploads\/2020\/10\/COOPIntegra-Formulario-de-Ingreso.pdf\" target=\"_blank\" rel=\"noopener noreferrer\"><img decoding=\"async\" src=\"https:\/\/coopintegra.com.do\/sitio\/wp-content\/uploads\/2020\/10\/CoopIntegra-1500x1595-pdf-icon-download-1-963x1024.png\" alt=\"\" class=\"wp-image-494\"\/><\/a><\/figure><\/div>\n\n\n<p class=\"has-text-align-center has-quaternary-color has-text-color\"><p class=\"has-text-align-center has-quaternary-color has-text-color has-custom-font\" style=\"font-family:Montserrat\">Solicitud de ingreso<\/p><\/p>\n<\/div>\n\n\n\n<div class=\"wp-block-column is-vertically-aligned-top is-layout-flow wp-block-column-is-layout-flow\"><div class=\"wp-block-image coblocks-animate\">\n<figure class=\"aligncenter size-large\"><a href=\"https:\/\/coopintegra.com.do\/sitio\/wp-content\/uploads\/2020\/10\/COOPIntegra-Formulario-de-Retiro.pdf\" target=\"_blank\" rel=\"noopener noreferrer\"><img decoding=\"async\" src=\"https:\/\/coopintegra.com.do\/sitio\/wp-content\/uploads\/2020\/10\/CoopIntegra-1500x1595-pdf-icon-download-1-963x1024.png\" alt=\"\" class=\"wp-image-494\"\/><\/a><\/figure><\/div>\n\n\n<p class=\"has-text-align-center has-quaternary-color has-text-color\"><p class=\"has-text-align-center has-quaternary-color has-text-color has-custom-font\" style=\"font-family:Montserrat\">Solicitud de retiro<\/p><\/p>\n<\/div>\n\n\n\n<div class=\"wp-block-column is-vertically-aligned-top is-layout-flow wp-block-column-is-layout-flow\"><div class=\"wp-block-image is-style-default coblocks-animate\">\n<figure class=\"aligncenter size-large\"><a href=\"https:\/\/coopintegra.com.do\/sitio\/wp-content\/uploads\/2020\/10\/COOPIntegra-Formulario-Solicitud-de-Prestamo-1.pdf\" target=\"_blank\" rel=\"noopener noreferrer\"><img decoding=\"async\" src=\"https:\/\/coopintegra.com.do\/sitio\/wp-content\/uploads\/2020\/10\/CoopIntegra-1500x1595-pdf-icon-download-1-963x1024.png\" alt=\"\" class=\"wp-image-494\"\/><\/a><\/figure><\/div>\n\n\n<p class=\"has-text-align-center has-quaternary-color has-text-color\"><p class=\"has-text-align-center has-quaternary-color has-text-color has-custom-font\" style=\"font-family:Montserrat\">Solicitud de Pr\u00e9stamo<\/p><\/p>\n<\/div>\n\n\n\n<div class=\"wp-block-column is-vertically-aligned-top is-layout-flow wp-block-column-is-layout-flow\"><div class=\"wp-block-image coblocks-animate\">\n<figure class=\"aligncenter size-large\"><a href=\"https:\/\/coopintegra.com.do\/sitio\/wp-content\/uploads\/2020\/10\/COOPIntegra-Formulario-Cambio-de-Ahorros-1.pdf\" target=\"_blank\" rel=\"noopener noreferrer\"><img decoding=\"async\" src=\"https:\/\/coopintegra.com.do\/sitio\/wp-content\/uploads\/2020\/10\/CoopIntegra-1500x1595-pdf-icon-download-1-963x1024.png\" alt=\"\" class=\"wp-image-494\"\/><\/a><\/figure><\/div>\n\n\n<p class=\"has-text-align-center has-quaternary-color has-text-color\"><p class=\"has-text-align-center has-quaternary-color has-text-color has-custom-font\" style=\"font-family:Montserrat\">Cambio de ahorros<\/p><\/p>\n<\/div>\n<\/div>\n<\/div><\/div>\n\n\n\n<p>&nbsp;<\/p>\n\n\n\n<p><\/p>\n<\/div><\/div>\n\n\n\n<h4 class=\"wp-block-heading has-text-align-center has-custom-font has-helvetica-font-family\"> <\/h4>\n<\/div><\/div>\n\n\n\n<h4 class=\"wp-block-heading has-text-align-center has-custom-font has-helvetica-font-family\">Conozca nuestras ofertas<\/h4>\n\n\n\n<p><\/p>\n<\/div><\/div>\n<\/div><\/div>\n\n\n\n<div class=\"wp-block-group alignfull is-layout-flow wp-block-group-is-layout-flow\"><div class=\"wp-block-group__inner-container\"><\/div><\/div>\n\n\n\n<p><\/p>\n\n\n\n<div class=\"wp-block-group is-layout-flow wp-block-group-is-layout-flow\"><div class=\"wp-block-group__inner-container\">\n<div class=\"wp-block-group has-no-padding is-layout-flow wp-block-group-is-layout-flow\"><div class=\"wp-block-group__inner-container\"><\/div><\/div>\n\n\n\n<p><\/p>\n<\/div><\/div>\n\n\n\n<div class=\"wp-block-group alignwide is-layout-constrained wp-block-group-is-layout-constrained\"><div class=\"wp-block-group__inner-container\">\n<figure class=\"wp-block-gallery has-nested-images columns-default is-cropped wp-block-gallery-1 is-layout-flex wp-block-gallery-is-layout-flex\">\n<figure class=\"wp-block-image size-large\"><img loading=\"lazy\" decoding=\"async\" width=\"746\" height=\"484\" src=\"https:\/\/coopintegra.com.do\/sitio\/wp-content\/uploads\/2020\/10\/COOPIntegra-745x483-Oferta-Corripio.jpg\" alt=\"\" class=\"wp-image-620\" srcset=\"https:\/\/coopintegra.com.do\/sitio\/wp-content\/uploads\/2020\/10\/COOPIntegra-745x483-Oferta-Corripio.jpg 746w, https:\/\/coopintegra.com.do\/sitio\/wp-content\/uploads\/2020\/10\/COOPIntegra-745x483-Oferta-Corripio-300x195.jpg 300w\" sizes=\"(max-width: 746px) 100vw, 746px\" \/><figcaption class=\"wp-element-caption\">Televisores | Aires Acondicionados | Lavadoras | Secadoras | Audio<\/figcaption><\/figure>\n\n\n\n<figure class=\"wp-block-image size-large\"><img loading=\"lazy\" decoding=\"async\" width=\"746\" height=\"484\" src=\"https:\/\/coopintegra.com.do\/sitio\/wp-content\/uploads\/2020\/10\/COOPIntegra-745x483-Oferta-plaza-lama-1.jpg\" alt=\"\" class=\"wp-image-619\" srcset=\"https:\/\/coopintegra.com.do\/sitio\/wp-content\/uploads\/2020\/10\/COOPIntegra-745x483-Oferta-plaza-lama-1.jpg 746w, https:\/\/coopintegra.com.do\/sitio\/wp-content\/uploads\/2020\/10\/COOPIntegra-745x483-Oferta-plaza-lama-1-300x195.jpg 300w\" sizes=\"(max-width: 746px) 100vw, 746px\" \/><figcaption class=\"wp-element-caption\">Art\u00edculos del Hogar | Electrodom\u00e9sticos | Ferreter\u00eda | Supermercado <\/figcaption><\/figure>\n\n\n\n<figure class=\"wp-block-image size-large\"><img loading=\"lazy\" decoding=\"async\" width=\"746\" height=\"484\" src=\"https:\/\/coopintegra.com.do\/sitio\/wp-content\/uploads\/2020\/10\/COOPIntegra-745x483-Oferta-farmacia-carol.jpg\" alt=\"\" class=\"wp-image-618\" srcset=\"https:\/\/coopintegra.com.do\/sitio\/wp-content\/uploads\/2020\/10\/COOPIntegra-745x483-Oferta-farmacia-carol.jpg 746w, https:\/\/coopintegra.com.do\/sitio\/wp-content\/uploads\/2020\/10\/COOPIntegra-745x483-Oferta-farmacia-carol-300x195.jpg 300w\" sizes=\"(max-width: 746px) 100vw, 746px\" \/><figcaption class=\"wp-element-caption\">Medicamentos | Salud y Nutrici\u00f3n | Cosmeatr\u00eda | Cuidado Personal<\/figcaption><\/figure>\n\n\n\n<figure class=\"wp-block-image size-large\"><img loading=\"lazy\" decoding=\"async\" width=\"746\" height=\"484\" src=\"https:\/\/coopintegra.com.do\/sitio\/wp-content\/uploads\/2020\/10\/COOPIntegra-745x483-Oferta-omega-tech.jpg\" alt=\"\" class=\"wp-image-617\" srcset=\"https:\/\/coopintegra.com.do\/sitio\/wp-content\/uploads\/2020\/10\/COOPIntegra-745x483-Oferta-omega-tech.jpg 746w, https:\/\/coopintegra.com.do\/sitio\/wp-content\/uploads\/2020\/10\/COOPIntegra-745x483-Oferta-omega-tech-300x195.jpg 300w\" sizes=\"(max-width: 746px) 100vw, 746px\" \/><figcaption class=\"wp-element-caption\">Celulares | Computadoras | C\u00e1maras | Laptops | Proyectores | Otros<\/figcaption><\/figure>\n\n\n\n<figure class=\"wp-block-image size-large\"><img loading=\"lazy\" decoding=\"async\" width=\"746\" height=\"484\" src=\"https:\/\/coopintegra.com.do\/sitio\/wp-content\/uploads\/2020\/10\/COOPIntegra-745x483-Oferta-plaza-lama.jpg\" alt=\"\" class=\"wp-image-616\" srcset=\"https:\/\/coopintegra.com.do\/sitio\/wp-content\/uploads\/2020\/10\/COOPIntegra-745x483-Oferta-plaza-lama.jpg 746w, https:\/\/coopintegra.com.do\/sitio\/wp-content\/uploads\/2020\/10\/COOPIntegra-745x483-Oferta-plaza-lama-300x195.jpg 300w\" sizes=\"(max-width: 746px) 100vw, 746px\" \/><figcaption class=\"wp-element-caption\">Art\u00edculos del Hogar | Electrodom\u00e9sticos | Ferreter\u00eda | Supermercado | Utiles Escolares<\/figcaption><\/figure>\n<\/figure>\n<\/div><\/div>\n\n\n\n<hr class=\"wp-block-separator has-css-opacity\"\/>\n","protected":false},"excerpt":{"rendered":"<p>Descarga nuestros formularios Solicitud de ingreso Solicitud de retiro Solicitud de Pr\u00e9stamo Cambio de ahorros &nbsp; Conozca nuestras ofertas<\/p>\n","protected":false},"author":1,"featured_media":0,"parent":0,"menu_order":0,"comment_status":"closed","ping_status":"closed","template":"","meta":{"hide_page_title":"enabled","footnotes":""},"_links":{"self":[{"href":"https:\/\/coopintegra.com.do\/sitio\/wp-json\/wp\/v2\/pages\/283"}],"collection":[{"href":"https:\/\/coopintegra.com.do\/sitio\/wp-json\/wp\/v2\/pages"}],"about":[{"href":"https:\/\/coopintegra.com.do\/sitio\/wp-json\/wp\/v2\/types\/page"}],"author":[{"embeddable":true,"href":"https:\/\/coopintegra.com.do\/sitio\/wp-json\/wp\/v2\/users\/1"}],"replies":[{"embeddable":true,"href":"https:\/\/coopintegra.com.do\/sitio\/wp-json\/wp\/v2\/comments?post=283"}],"version-history":[{"count":45,"href":"https:\/\/coopintegra.com.do\/sitio\/wp-json\/wp\/v2\/pages\/283\/revisions"}],"predecessor-version":[{"id":821,"href":"https:\/\/coopintegra.com.do\/sitio\/wp-json\/wp\/v2\/pages\/283\/revisions\/821"}],"wp:attachment":[{"href":"https:\/\/coopintegra.com.do\/sitio\/wp-json\/wp\/v2\/media?parent=283"}],"curies":[{"name":"wp","href":"https:\/\/api.w.org\/{rel}","templated":true}]}}